{"id":937,"date":"2022-09-05T03:00:41","date_gmt":"2022-09-05T03:00:41","guid":{"rendered":"https:\/\/wp.ditsolution.net\/luxury\/?page_id=937"},"modified":"2026-02-04T21:09:21","modified_gmt":"2026-02-04T21:09:21","slug":"unser-ferienhaus","status":"publish","type":"page","link":"https:\/\/franks-ferienhaus.de\/?page_id=937","title":{"rendered":"Unser Ferienhaus"},"content":{"rendered":"\t\t<div data-elementor-type=\"wp-page\" data-elementor-id=\"937\" class=\"elementor elementor-937\">\n\t\t\t\t<div class=\"elementor-element elementor-element-de867a9 e-flex e-con-boxed e-con e-parent\" data-id=\"de867a9\" data-element_type=\"container\">\n\t\t\t\t\t<div class=\"e-con-inner\">\n\t\t\t\t<div class=\"elementor-element elementor-element-d1b9050 elementor-widget elementor-widget-heading\" data-id=\"d1b9050\" data-element_type=\"widget\" data-widget_type=\"heading.default\">\n\t\t\t\t<div class=\"elementor-widget-container\">\n\t\t\t\t\t<h1 class=\"elementor-heading-title elementor-size-default\">Ferienhaus am Moorsee in Twist <\/h1>\t\t\t\t<\/div>\n\t\t\t\t<\/div>\n\t\t\t\t\t<\/div>\n\t\t\t\t<\/div>\n\t\t<div class=\"elementor-element elementor-element-9613f7a e-flex e-con-boxed e-con e-parent\" data-id=\"9613f7a\" data-element_type=\"container\">\n\t\t\t\t\t<div class=\"e-con-inner\">\n\t\t\t\t<div class=\"elementor-element elementor-element-2eaa76f elementor-widget elementor-widget-text-editor\" data-id=\"2eaa76f\" data-element_type=\"widget\" data-widget_type=\"text-editor.default\">\n\t\t\t\t<div class=\"elementor-widget-container\">\n\t\t\t\t\t\t\t\t\t<p>Genie\u00dfen Sie erholsame Tage in unserem gro\u00dfz\u00fcgigen Ferienhaus auf ca. 200 qm direkt am See, ideal f\u00fcr bis zu 10 Personen. Ein eigener Steg l\u00e4dt zum Baden, Angeln oder Entspannen ein. Die separate Freizeit-Etage bietet Unterhaltung f\u00fcr Gro\u00df und Klein: mit Billard, Tisch-Kicker, Brett- und Kinderspielen, B\u00fcchern und TV. Des Weiteren sind im 1. OG eine Eckcouch mit Schlaffunktion sowie ein gro\u00dfz\u00fcgiger Balkon mit direktem Blick auf den See vorhanden.<\/p>\t\t\t\t\t\t\t\t<\/div>\n\t\t\t\t<\/div>\n\t\t\t\t\t<\/div>\n\t\t\t\t<\/div>\n\t\t<div class=\"elementor-element elementor-element-2c73950 e-flex e-con-boxed e-con e-parent\" data-id=\"2c73950\" data-element_type=\"container\">\n\t\t\t\t\t<div class=\"e-con-inner\">\n\t\t\t\t<div class=\"elementor-element elementor-element-ee0fa94 elementor-widget elementor-widget-heading\" data-id=\"ee0fa94\" data-element_type=\"widget\" data-widget_type=\"heading.default\">\n\t\t\t\t<div class=\"elementor-widget-container\">\n\t\t\t\t\t<h1 class=\"elementor-heading-title elementor-size-default\">Ausstattung<\/h1>\t\t\t\t<\/div>\n\t\t\t\t<\/div>\n\t\t\t\t\t<\/div>\n\t\t\t\t<\/div>\n\t\t<div class=\"elementor-element elementor-element-af9fc3f e-flex e-con-boxed e-con e-parent\" data-id=\"af9fc3f\" data-element_type=\"container\">\n\t\t\t\t\t<div class=\"e-con-inner\">\n\t\t\t\t<div class=\"elementor-element elementor-element-4bfaf26 elementor-widget elementor-widget-text-editor\" data-id=\"4bfaf26\" data-element_type=\"widget\" data-widget_type=\"text-editor.default\">\n\t\t\t\t<div class=\"elementor-widget-container\">\n\t\t\t\t\t\t\t\t\t<p>Alle Zimmer sind vollklimatisiert.<\/p><p><b>Wohnbereich:<\/b>\u00a0Gem\u00fctliches Wohnzimmer mit offener K\u00fcche, gro\u00dfen Fenstern mit Seeblick, komfortabler Couchgarnitur und einem Smart-TV f\u00fcr entspannte Abende.<\/p><p><b>K\u00fcche:<\/b>\u00a0Voll ausgestattete moderne K\u00fcche mit Geschirrsp\u00fcler, Backofen, Induktionskochfeld mit integriertem Dunstabzug, Mikrowelle, Filter- und Nespresso Kaffeemaschine sowie\u00a0 gro\u00dfem Esstisch \u2013 ideal f\u00fcr gemeinsame Mahlzeiten.<\/p><p><b>Schlafzimmer:<\/b>\u00a04 gem\u00fctliche Schlafzimmer jeweils mit Boxspringbett (160\u00d7200 cm inkl. Bettkasten), Spiegel und Kleiderschrank. Helle Einrichtung, hochwertige Matratzen.\u00a0Bettw\u00e4sche sind im Preis inklusive und werden vor dem Aufenthalt frisch bezogen!<\/p><p><b>Badezimmer:<\/b>\u00a02 moderne Badezimmer jeweils mit Dusche, WC und Fu\u00dfbodenheizung.\u00a0Handt\u00fccher sind im Preis inklusive.<\/p><p><b>Au\u00dfenbereich:<\/b>\u00a0Gro\u00dfe Terrasse und Garten mit Gartenm\u00f6beln, Grill, eigenem Steg mit Liegen und Sitzm\u00f6glichkeiten.<\/p>\t\t\t\t\t\t\t\t<\/div>\n\t\t\t\t<\/div>\n\t\t\t\t\t<\/div>\n\t\t\t\t<\/div>\n\t\t<div class=\"elementor-element elementor-element-b96ca09 e-flex e-con-boxed e-con e-parent\" data-id=\"b96ca09\" data-element_type=\"container\">\n\t\t\t\t\t<div class=\"e-con-inner\">\n\t\t\t\t<div class=\"elementor-element elementor-element-ee016ea elementor-widget elementor-widget-heading\" data-id=\"ee016ea\" data-element_type=\"widget\" data-widget_type=\"heading.default\">\n\t\t\t\t<div class=\"elementor-widget-container\">\n\t\t\t\t\t<h1 class=\"elementor-heading-title elementor-size-default\">K\u00fcchenausstattung<\/h1>\t\t\t\t<\/div>\n\t\t\t\t<\/div>\n\t\t\t\t<div class=\"elementor-element elementor-element-6cb436c elementor-widget elementor-widget-text-editor\" data-id=\"6cb436c\" data-element_type=\"widget\" data-widget_type=\"text-editor.default\">\n\t\t\t\t<div class=\"elementor-widget-container\">\n\t\t\t\t\t\t\t\t\t<p>Unsere moderne und voll ausgestattete K\u00fcche bietet Ihnen alles, was Sie f\u00fcr die Zubereitung leckerer Mahlzeiten ben\u00f6tigen<b>:<\/b><b><br><\/b><\/p>\n<p><b>&nbsp;<\/b><\/p>\n<p><b>Elektroger\u00e4te<\/b><\/p><p><b><br><\/b><\/p>\n<p><\/p>\n<p>Induktionskochfeld &amp; Backofen mit Airfry-Funktion<\/p>\n<p>K\u00fchlschrank mit Gefrierfach<\/p>\n<p>Geschirrsp\u00fcler<\/p>\n<p>Mikrowelle<\/p>\n<p>Nespresso De\u2019Longhi Kapselmaschine &amp; Filterkaffeemaschine<\/p>\n<p>Wasserkocher<\/p>\n<p>Toaster<\/p>\n<p><strong>&nbsp;<\/strong><\/p>\n<p><b>Koch- &amp; Essgeschirr<\/b><\/p><p><b><br><\/b><\/p>\n<p>T\u00f6pfe &amp; Pfannen<\/p>\n<p>Geschirr, Gl\u00e4ser &amp; Besteck ausreichend f\u00fcr 10 Personen<\/p>\n<p>Kindergeschirr und Besteck<\/p>\n<p>Schneidebretter &amp; Messer<\/p>\n<p>Sch\u00fcsseln &amp; Servierplatten<\/p>\n<p>Grillutensilien f\u00fcr den Au\u00dfenbereich<\/p>\n<p><strong>Sonstiges<\/strong><\/p>\n<p>Handseife<\/p>\n<p>Sp\u00fclmittel &amp; Geschirrt\u00fccher<\/p>\n<p><em>&nbsp;<\/em><\/p>\n<p><em>Genie\u00dfen Sie kulinarische Abende in unserer gem\u00fctlichen Wohnk\u00fcche oder auf der Terrasse mit Blick ins Gr\u00fcne!<\/em><\/p>\t\t\t\t\t\t\t\t<\/div>\n\t\t\t\t<\/div>\n\t\t\t\t\t<\/div>\n\t\t\t\t<\/div>\n\t\t\t\t<\/div>\n\t\t","protected":false},"excerpt":{"rendered":"<p>Ferienhaus am Moorsee in Twist Genie\u00dfen Sie erholsame Tage in unserem gro\u00dfz\u00fcgigen Ferienhaus auf ca. 200 qm direkt am See, ideal f\u00fcr bis zu 10 Personen. Ein eigener Steg l\u00e4dt zum Baden, Angeln oder Entspannen ein. Die separate Freizeit-Etage bietet Unterhaltung f\u00fcr Gro\u00df und Klein: mit Billard, Tisch-Kicker, Brett- und Kinderspielen, B\u00fcchern und TV. Des [&hellip;]<\/p>\n","protected":false},"author":1,"featured_media":0,"parent":0,"menu_order":0,"comment_status":"closed","ping_status":"closed","template":"page-templates\/template-default.php","meta":{"footnotes":""},"class_list":["post-937","page","type-page","status-publish","hentry"],"_links":{"self":[{"href":"https:\/\/franks-ferienhaus.de\/index.php?rest_route=\/wp\/v2\/pages\/937","targetHints":{"allow":["GET"]}}],"collection":[{"href":"https:\/\/franks-ferienhaus.de\/index.php?rest_route=\/wp\/v2\/pages"}],"about":[{"href":"https:\/\/franks-ferienhaus.de\/index.php?rest_route=\/wp\/v2\/types\/page"}],"author":[{"embeddable":true,"href":"https:\/\/franks-ferienhaus.de\/index.php?rest_route=\/wp\/v2\/users\/1"}],"replies":[{"embeddable":true,"href":"https:\/\/franks-ferienhaus.de\/index.php?rest_route=%2Fwp%2Fv2%2Fcomments&post=937"}],"version-history":[{"count":69,"href":"https:\/\/franks-ferienhaus.de\/index.php?rest_route=\/wp\/v2\/pages\/937\/revisions"}],"predecessor-version":[{"id":3471,"href":"https:\/\/franks-ferienhaus.de\/index.php?rest_route=\/wp\/v2\/pages\/937\/revisions\/3471"}],"wp:attachment":[{"href":"https:\/\/franks-ferienhaus.de\/index.php?rest_route=%2Fwp%2Fv2%2Fmedia&parent=937"}],"curies":[{"name":"wp","href":"https:\/\/api.w.org\/{rel}","templated":true}]}}