{"id":2830,"date":"2025-08-22T12:59:20","date_gmt":"2025-08-22T12:59:20","guid":{"rendered":"https:\/\/franks-ferienhaus.de\/?page_id=2830"},"modified":"2026-04-01T21:28:29","modified_gmt":"2026-04-01T21:28:29","slug":"preise-und-belegung","status":"publish","type":"page","link":"https:\/\/franks-ferienhaus.de\/?page_id=2830","title":{"rendered":"Preise und Belegung"},"content":{"rendered":"\t\t<div data-elementor-type=\"wp-page\" data-elementor-id=\"2830\" class=\"elementor elementor-2830\">\n\t\t\t\t<div class=\"elementor-element elementor-element-19c677e e-flex e-con-boxed e-con e-parent\" data-id=\"19c677e\" data-element_type=\"container\">\n\t\t\t\t\t<div class=\"e-con-inner\">\n\t\t\t\t<div class=\"elementor-element elementor-element-d3bcd37 elementor-widget elementor-widget-html\" data-id=\"d3bcd37\" data-element_type=\"widget\" data-widget_type=\"html.default\">\n\t\t\t\t<div class=\"elementor-widget-container\">\n\t\t\t\t\t<section id=\"preise-2026\" style=\"font-family: Tahoma; max-width: 800px; margin: 0 auto; line-height: 1.5;\">\r\n  <h2>Preise 2026<\/h2>\r\n\r\n  <div style=\"overflow-x: auto; -webkit-overflow-scrolling: touch;\">\r\n    <table style=\"width:100%; border-collapse: collapse; min-width: 700px;\">\r\n      <thead>\r\n        <tr style=\"background-color: #f2f2f2;\">\r\n          <th style=\"border: 1px solid #ddd; padding: 8px;\">Zeitraum<\/th>\r\n          <th style=\"border: 1px solid #ddd; padding: 8px;\">Mindestaufenthalt<\/th>\r\n          <th style=\"border: 1px solid #ddd; padding: 8px;\">Preis pro Nacht<\/th>\r\n          <th style=\"border: 1px solid #ddd; padding: 8px;\">Reinigung<\/th>\r\n          <th style=\"border: 1px solid #ddd; padding: 8px;\">Strom<\/th>\r\n          <th style=\"border: 1px solid #ddd; padding: 8px;\">Wasser<\/th>\r\n          <th style=\"border: 1px solid #ddd; padding: 8px;\">Kaution<\/th>\r\n          <th style=\"border: 1px solid #ddd; padding: 8px;\">Hinweise<\/th>\r\n        <\/tr>\r\n      <\/thead>\r\n      <tbody>\r\n        <tr>\r\n          <td style=\"border: 1px solid #ddd; padding: 8px;\">01.03.\u201318.12.2026<\/td>\r\n          <td style=\"border: 1px solid #ddd; padding: 8px;\">3-5 N\u00e4chte, je nach Termin<\/td>\r\n          <td style=\"border: 1px solid #ddd; padding: 8px;\"> ab 399 \u20ac inkl. Bettw\u00e4sche & Handt\u00fccher<\/td>\r\n          <td style=\"border: 1px solid #ddd; padding: 8px;\">200 \u20ac pro Aufenthalt<\/td>\r\n          <td style=\"border: 1px solid #ddd; padding: 8px;\">0,50 \u20ac\/kW<\/td>\r\n          <td style=\"border: 1px solid #ddd; padding: 8px;\">4,00 \u20ac\/m\u00b3<\/td>\r\n          <td style=\"border: 1px solid #ddd; padding: 8px;\">900 \u20ac<\/td>\r\n          <td style=\"border: 1px solid #ddd; padding: 8px;\">Keine Partys \/ Junggesellenabschiede<\/td>\r\n        <\/tr>\r\n        <tr>\r\n          <td style=\"border: 1px solid #ddd; padding: 8px;\">18.12.2026\u201310.01.2027<\/td>\r\n          <td style=\"border: 1px solid #ddd; padding: 8px;\">5 N\u00e4chte je nach Termin<\/td>\r\n          <td style=\"border: 1px solid #ddd; padding: 8px;\">499 \u20ac inkl. Bettw\u00e4sche & Handt\u00fccher<\/td>\r\n          <td style=\"border: 1px solid #ddd; padding: 8px;\">200 \u20ac pro Aufenthalt<\/td>\r\n          <td style=\"border: 1px solid #ddd; padding: 8px;\">0,50 \u20ac\/kW<\/td>\r\n          <td style=\"border: 1px solid #ddd; padding: 8px;\">4,00 \u20ac\/m\u00b3<\/td>\r\n          <td style=\"border: 1px solid #ddd; padding: 8px;\">900 \u20ac<\/td>\r\n          <td style=\"border: 1px solid #ddd; padding: 8px;\">Keine Partys \/ Junggesellenabschiede<\/td>\r\n        <\/tr>\r\n      <\/tbody>\r\n    <\/table>\r\n  <\/div>\r\n\r\n  <section id=\"kaution\" style=\"Tahoma: 20px;\">\r\n    <h3>Kaution \u2013 Ihre Sicherheit & unsere Absicherung<\/h3>\r\n    <p>F\u00fcr jeden Aufenthalt erheben wir eine Kaution in H\u00f6he von <strong>900 \u20ac<\/strong>, um unser Ferienhaus und seine hochwertige Ausstattung abzusichern.<\/p>\r\n    <p>Die Kaution wird vor Anreise \u00fcberwiesen und innerhalb von 14 Tagen nach Abreise zur\u00fcckerstattet, sofern alles in Ordnung ist.<\/p>\r\n    <p>Sollte es einmal zu Sch\u00e4den oder au\u00dfergew\u00f6hnlicher Verschmutzung kommen, behalten wir uns das Recht vor, einen Teil der Kaution einzubehalten. Selbstverst\u00e4ndlich dokumentieren wir solche F\u00e4lle transparent.<\/p>\r\n    <p style=\"font-weight: bold; color: #d9534f;\">Keine Partys und Junggesellenabschiede erlaubt!<\/p>\r\n  <\/section>\r\n<\/section>\r\n\t\t\t\t<\/div>\n\t\t\t\t<\/div>\n\t\t\t\t\t<\/div>\n\t\t\t\t<\/div>\n\t\t<div class=\"elementor-element elementor-element-2c32508 e-flex e-con-boxed e-con e-parent\" data-id=\"2c32508\" data-element_type=\"container\">\n\t\t\t\t\t<div class=\"e-con-inner\">\n\t\t\t\t\t<\/div>\n\t\t\t\t<\/div>\n\t\t<div class=\"elementor-element elementor-element-85459ef e-flex e-con-boxed e-con e-parent\" data-id=\"85459ef\" data-element_type=\"container\">\n\t\t\t\t\t<div class=\"e-con-inner\">\n\t\t\t\t<div class=\"elementor-element elementor-element-71fdfce elementor-widget elementor-widget-html\" data-id=\"71fdfce\" data-element_type=\"widget\" data-widget_type=\"html.default\">\n\t\t\t\t<div class=\"elementor-widget-container\">\n\t\t\t\t\t<div id=\"smoobuApartment3132261de\" class=\"calendarWidget\"> <div class=\"calendarContent\" data-load-calendar-url=\"https:\/\/login.smoobu.com\/de\/cockpit\/widget\/single-calendar\/3132261\" data-verification=\"54db495d37583bac61c0b48efefd41bef5eb74e43ec76c5ea3e53be7e52b3817\" data-baseUrl=\"https:\/\/login.smoobu.com\" data-disable-css=\"false\" ><\/div> <script type=\"text\/javascript\" src=\"https:\/\/login.smoobu.com\/js\/Apartment\/CalendarWidget.js\"><\/script><\/div>\t\t\t\t<\/div>\n\t\t\t\t<\/div>\n\t\t\t\t\t<\/div>\n\t\t\t\t<\/div>\n\t\t\t\t<\/div>\n\t\t","protected":false},"excerpt":{"rendered":"<p>Preise 2026 Zeitraum Mindestaufenthalt Preis pro Nacht Reinigung Strom Wasser Kaution Hinweise 01.03.\u201318.12.2026 3-5 N\u00e4chte, je nach Termin ab 399 \u20ac inkl. Bettw\u00e4sche &#038; Handt\u00fccher 200 \u20ac pro Aufenthalt 0,50 \u20ac\/kW 4,00 \u20ac\/m\u00b3 900 \u20ac Keine Partys \/ Junggesellenabschiede 18.12.2026\u201310.01.2027 5 N\u00e4chte je nach Termin 499 \u20ac inkl. Bettw\u00e4sche &#038; Handt\u00fccher 200 \u20ac pro Aufenthalt [&hellip;]<\/p>\n","protected":false},"author":1,"featured_media":0,"parent":0,"menu_order":0,"comment_status":"closed","ping_status":"closed","template":"page-templates\/template-default.php","meta":{"footnotes":""},"class_list":["post-2830","page","type-page","status-publish","hentry"],"_links":{"self":[{"href":"https:\/\/franks-ferienhaus.de\/index.php?rest_route=\/wp\/v2\/pages\/2830","targetHints":{"allow":["GET"]}}],"collection":[{"href":"https:\/\/franks-ferienhaus.de\/index.php?rest_route=\/wp\/v2\/pages"}],"about":[{"href":"https:\/\/franks-ferienhaus.de\/index.php?rest_route=\/wp\/v2\/types\/page"}],"author":[{"embeddable":true,"href":"https:\/\/franks-ferienhaus.de\/index.php?rest_route=\/wp\/v2\/users\/1"}],"replies":[{"embeddable":true,"href":"https:\/\/franks-ferienhaus.de\/index.php?rest_route=%2Fwp%2Fv2%2Fcomments&post=2830"}],"version-history":[{"count":44,"href":"https:\/\/franks-ferienhaus.de\/index.php?rest_route=\/wp\/v2\/pages\/2830\/revisions"}],"predecessor-version":[{"id":3531,"href":"https:\/\/franks-ferienhaus.de\/index.php?rest_route=\/wp\/v2\/pages\/2830\/revisions\/3531"}],"wp:attachment":[{"href":"https:\/\/franks-ferienhaus.de\/index.php?rest_route=%2Fwp%2Fv2%2Fmedia&parent=2830"}],"curies":[{"name":"wp","href":"https:\/\/api.w.org\/{rel}","templated":true}]}}