{"id":2816,"date":"2025-08-22T12:57:28","date_gmt":"2025-08-22T12:57:28","guid":{"rendered":"https:\/\/franks-ferienhaus.de\/?page_id=2816"},"modified":"2026-02-04T21:54:07","modified_gmt":"2026-02-04T21:54:07","slug":"lage-umgebung","status":"publish","type":"page","link":"https:\/\/franks-ferienhaus.de\/?page_id=2816","title":{"rendered":"Lage &amp; Umgebung"},"content":{"rendered":"\t\t<div data-elementor-type=\"wp-page\" data-elementor-id=\"2816\" class=\"elementor elementor-2816\">\n\t\t\t\t<div class=\"elementor-element elementor-element-dee9b6b e-flex e-con-boxed e-con e-parent\" data-id=\"dee9b6b\" data-element_type=\"container\">\n\t\t\t\t\t<div class=\"e-con-inner\">\n\t\t\t\t<div class=\"elementor-element elementor-element-9dac132 elementor-widget elementor-widget-heading\" data-id=\"9dac132\" data-element_type=\"widget\" data-widget_type=\"heading.default\">\n\t\t\t\t<div class=\"elementor-widget-container\">\n\t\t\t\t\t<h2 class=\"elementor-heading-title elementor-size-default\">Lage &amp; Umgebung<\/h2>\t\t\t\t<\/div>\n\t\t\t\t<\/div>\n\t\t\t\t\t<\/div>\n\t\t\t\t<\/div>\n\t\t<div class=\"elementor-element elementor-element-fd6a27f e-flex e-con-boxed e-con e-parent\" data-id=\"fd6a27f\" data-element_type=\"container\">\n\t\t\t\t\t<div class=\"e-con-inner\">\n\t\t\t\t<div class=\"elementor-element elementor-element-d5f348c elementor-widget elementor-widget-text-editor\" data-id=\"d5f348c\" data-element_type=\"widget\" data-widget_type=\"text-editor.default\">\n\t\t\t\t<div class=\"elementor-widget-container\">\n\t\t\t\t\t\t\t\t\t<p data-start=\"144\" data-end=\"401\">Das Ferienhaus befindet sich in <strong data-start=\"176\" data-end=\"212\">Twist-Neuringe direkt am Moorsee<\/strong>, in einem ruhigen und gepflegten <strong data-start=\"246\" data-end=\"283\">Ferienpark in naturnaher Umgebung<\/strong>. Die Landschaft aus Wasser, Wiesen und Moor l\u00e4dt zu Spazierg\u00e4ngen, Radtouren und erholsamen Stunden in der Natur ein.<\/p><p data-start=\"403\" data-end=\"691\">Der Ferienpark ist besonders <strong data-start=\"432\" data-end=\"454\">familienfreundlich<\/strong>: Direkt vor Ort gibt es <strong data-start=\"479\" data-end=\"505\">Pony- und Pferdereiten<\/strong>, einen <strong data-start=\"513\" data-end=\"529\">Streichelzoo<\/strong> sowie einen <strong data-start=\"542\" data-end=\"598\">gro\u00dfen Kinderspielplatz mit vielf\u00e4ltigen Aktivit\u00e4ten<\/strong>. F\u00fcr wetterunabh\u00e4ngigen Spielspa\u00df sorgt die nahegelegene <strong data-start=\"656\" data-end=\"690\">Indoorspielhalle \u201eZappelarena\u201c<\/strong>.<\/p><p data-start=\"693\" data-end=\"864\">Die Kombination aus See, Natur und zahlreichen Freizeitangeboten macht die Lage ideal f\u00fcr Familien, Paare und Ruhesuchende, die Erholung und Abwechslung verbinden m\u00f6chten.\u00a0<\/p>\t\t\t\t\t\t\t\t<\/div>\n\t\t\t\t<\/div>\n\t\t\t\t\t<\/div>\n\t\t\t\t<\/div>\n\t\t<div class=\"elementor-element elementor-element-83f39ac e-flex e-con-boxed e-con e-parent\" data-id=\"83f39ac\" data-element_type=\"container\">\n\t\t\t\t\t<div class=\"e-con-inner\">\n\t\t\t\t<div class=\"elementor-element elementor-element-be649b6 elementor-widget elementor-widget-heading\" data-id=\"be649b6\" data-element_type=\"widget\" data-widget_type=\"heading.default\">\n\t\t\t\t<div class=\"elementor-widget-container\">\n\t\t\t\t\t<h2 class=\"elementor-heading-title elementor-size-default\">Anfahrt<\/h2>\t\t\t\t<\/div>\n\t\t\t\t<\/div>\n\t\t\t\t\t<\/div>\n\t\t\t\t<\/div>\n\t\t<div class=\"elementor-element elementor-element-99262e1 e-flex e-con-boxed e-con e-parent\" data-id=\"99262e1\" data-element_type=\"container\">\n\t\t\t\t\t<div class=\"e-con-inner\">\n\t\t\t\t<div class=\"elementor-element elementor-element-03b4b60 elementor-widget elementor-widget-text-editor\" data-id=\"03b4b60\" data-element_type=\"widget\" data-widget_type=\"text-editor.default\">\n\t\t\t\t<div class=\"elementor-widget-container\">\n\t\t\t\t\t\t\t\t\t<p>Unser Ferienhaus liegt idyllisch am Moorsee in Twist \u2013 im s\u00fcdlichen Emsland, nahe der niederl\u00e4ndischen Grenze. Die ruhige Lage inmitten der Natur ist bequem mit dem Auto erreichbar.<\/p><p><span style=\"text-decoration: underline;\"><b>Adresse:<\/b><\/span><\/p><p><strong>Franks Ferienhaus am See<\/strong><br \/>Am Reiterdorf 31<br \/>49767 Twist<br \/>Deutschland<\/p>\t\t\t\t\t\t\t\t<\/div>\n\t\t\t\t<\/div>\n\t\t\t\t\t<\/div>\n\t\t\t\t<\/div>\n\t\t<div class=\"elementor-element elementor-element-6edc606 e-flex e-con-boxed e-con e-parent\" data-id=\"6edc606\" data-element_type=\"container\">\n\t\t\t\t\t<div class=\"e-con-inner\">\n\t\t\t\t<div class=\"elementor-element elementor-element-a02935c elementor-widget elementor-widget-heading\" data-id=\"a02935c\" data-element_type=\"widget\" data-widget_type=\"heading.default\">\n\t\t\t\t<div class=\"elementor-widget-container\">\n\t\t\t\t\t<h2 class=\"elementor-heading-title elementor-size-default\">Anreise mit dem Auto:<\/h2>\t\t\t\t<\/div>\n\t\t\t\t<\/div>\n\t\t\t\t\t<\/div>\n\t\t\t\t<\/div>\n\t\t<div class=\"elementor-element elementor-element-145ac5e e-flex e-con-boxed e-con e-parent\" data-id=\"145ac5e\" data-element_type=\"container\">\n\t\t\t\t\t<div class=\"e-con-inner\">\n\t\t\t\t<div class=\"elementor-element elementor-element-eb325f8 elementor-widget elementor-widget-text-editor\" data-id=\"eb325f8\" data-element_type=\"widget\" data-widget_type=\"text-editor.default\">\n\t\t\t\t<div class=\"elementor-widget-container\">\n\t\t\t\t\t\t\t\t\t<ul><li><strong>Aus Richtung Osnabr\u00fcck \/ M\u00fcnster:<\/strong>\u00a0A30 Richtung Rheine\/Sch\u00fcttorf \u2192 Abfahrt Sch\u00fcttorf Nord \u2192 A31 Richtung Meppen \u2192 Abfahrt Twist<\/li><li><strong>Aus Richtung Ruhrgebiet:<\/strong>\u00a0A31 Richtung Emden \u2192 Abfahrt Twist<\/li><li>Navigationshilfe: Bitte \u201eAm Reiterdorf 31, Twist\u201c ins Navi eingeben oder \u201eFerienhaus am Moorsee Twist\u201c<\/li><\/ul><p><strong>Parkpl\u00e4tze:<\/strong> Kostenlose Parkpl\u00e4tze\u00a0 f\u00fcr max. 4 Fahrzeuge direkt am Ferienhaus verf\u00fcgbar.<\/p>\t\t\t\t\t\t\t\t<\/div>\n\t\t\t\t<\/div>\n\t\t\t\t\t<\/div>\n\t\t\t\t<\/div>\n\t\t<div class=\"elementor-element elementor-element-e27948f e-flex e-con-boxed e-con e-parent\" data-id=\"e27948f\" data-element_type=\"container\">\n\t\t\t\t\t<div class=\"e-con-inner\">\n\t\t\t\t<div class=\"elementor-element elementor-element-c373af4 elementor-widget elementor-widget-heading\" data-id=\"c373af4\" data-element_type=\"widget\" data-widget_type=\"heading.default\">\n\t\t\t\t<div class=\"elementor-widget-container\">\n\t\t\t\t\t<h2 class=\"elementor-heading-title elementor-size-default\">Anreise mit der Bahn:<\/h2>\t\t\t\t<\/div>\n\t\t\t\t<\/div>\n\t\t\t\t<div class=\"elementor-element elementor-element-35ded2b elementor-widget elementor-widget-text-editor\" data-id=\"35ded2b\" data-element_type=\"widget\" data-widget_type=\"text-editor.default\">\n\t\t\t\t<div class=\"elementor-widget-container\">\n\t\t\t\t\t\t\t\t\t<ul><li>N\u00e4chstgelegener Bahnhof: Meppen (ca. 15 km entfernt)<\/li><li>Weiterfahrt mit Taxi oder Mietwagen<\/li><li>Alternativ: Regionalbus Richtung Twist (Haltestelle je nach Saison)<\/li><\/ul>\t\t\t\t\t\t\t\t<\/div>\n\t\t\t\t<\/div>\n\t\t\t\t\t<\/div>\n\t\t\t\t<\/div>\n\t\t<div class=\"elementor-element elementor-element-584eb57 e-flex e-con-boxed e-con e-parent\" data-id=\"584eb57\" data-element_type=\"container\">\n\t\t\t\t\t<div class=\"e-con-inner\">\n\t\t\t\t<div class=\"elementor-element elementor-element-22076b8 elementor-widget elementor-widget-heading\" data-id=\"22076b8\" data-element_type=\"widget\" data-widget_type=\"heading.default\">\n\t\t\t\t<div class=\"elementor-widget-container\">\n\t\t\t\t\t<h2 class=\"elementor-heading-title elementor-size-default\">Entfernungen im \u00dcberblick:<\/h2>\t\t\t\t<\/div>\n\t\t\t\t<\/div>\n\t\t\t\t\t<\/div>\n\t\t\t\t<\/div>\n\t\t<div class=\"elementor-element elementor-element-a93f611 e-flex e-con-boxed e-con e-parent\" data-id=\"a93f611\" data-element_type=\"container\">\n\t\t\t\t\t<div class=\"e-con-inner\">\n\t\t\t\t<div class=\"elementor-element elementor-element-de362e8 elementor-widget elementor-widget-text-editor\" data-id=\"de362e8\" data-element_type=\"widget\" data-widget_type=\"text-editor.default\">\n\t\t\t\t<div class=\"elementor-widget-container\">\n\t\t\t\t\t\t\t\t\t<ul><li>Meppen: ca. 15 Minuten<\/li><li>Lingen: ca. 30 Minuten<\/li><li>Groningen (NL): ca. 1 Stunde<\/li><li>Osnabr\u00fcck: ca. 1,5 Stunden<\/li><li>M\u00fcnster: ca. 1,5 Stunden<\/li><\/ul>\t\t\t\t\t\t\t\t<\/div>\n\t\t\t\t<\/div>\n\t\t\t\t\t<\/div>\n\t\t\t\t<\/div>\n\t\t<div class=\"elementor-element elementor-element-ae16daf e-flex e-con-boxed e-con e-parent\" data-id=\"ae16daf\" data-element_type=\"container\">\n\t\t\t\t\t<div class=\"e-con-inner\">\n\t\t\t\t<div class=\"elementor-element elementor-element-5ebde4d elementor-widget elementor-widget-image\" data-id=\"5ebde4d\" data-element_type=\"widget\" data-widget_type=\"image.default\">\n\t\t\t\t<div class=\"elementor-widget-container\">\n\t\t\t\t\t\t\t\t\t\t\t\t\t\t\t<img fetchpriority=\"high\" decoding=\"async\" width=\"1536\" height=\"1024\" src=\"https:\/\/franks-ferienhaus.de\/wp-content\/uploads\/2026\/02\/Angler-und-Fahradfahrer.jpg\" class=\"attachment-full size-full wp-image-3142\" alt=\"\" srcset=\"https:\/\/franks-ferienhaus.de\/wp-content\/uploads\/2026\/02\/Angler-und-Fahradfahrer.jpg 1536w, https:\/\/franks-ferienhaus.de\/wp-content\/uploads\/2026\/02\/Angler-und-Fahradfahrer-300x200.jpg 300w, https:\/\/franks-ferienhaus.de\/wp-content\/uploads\/2026\/02\/Angler-und-Fahradfahrer-1024x683.jpg 1024w, https:\/\/franks-ferienhaus.de\/wp-content\/uploads\/2026\/02\/Angler-und-Fahradfahrer-768x512.jpg 768w\" sizes=\"(max-width: 1536px) 100vw, 1536px\" \/>\t\t\t\t\t\t\t\t\t\t\t\t\t\t\t<\/div>\n\t\t\t\t<\/div>\n\t\t\t\t\t<\/div>\n\t\t\t\t<\/div>\n\t\t\t\t<\/div>\n\t\t","protected":false},"excerpt":{"rendered":"<p>Lage &amp; Umgebung Das Ferienhaus befindet sich in Twist-Neuringe direkt am Moorsee, in einem ruhigen und gepflegten Ferienpark in naturnaher Umgebung. Die Landschaft aus Wasser, Wiesen und Moor l\u00e4dt zu Spazierg\u00e4ngen, Radtouren und erholsamen Stunden in der Natur ein. Der Ferienpark ist besonders familienfreundlich: Direkt vor Ort gibt es Pony- und Pferdereiten, einen Streichelzoo sowie [&hellip;]<\/p>\n","protected":false},"author":1,"featured_media":0,"parent":0,"menu_order":0,"comment_status":"closed","ping_status":"closed","template":"page-templates\/template-default.php","meta":{"footnotes":""},"class_list":["post-2816","page","type-page","status-publish","hentry"],"_links":{"self":[{"href":"https:\/\/franks-ferienhaus.de\/index.php?rest_route=\/wp\/v2\/pages\/2816","targetHints":{"allow":["GET"]}}],"collection":[{"href":"https:\/\/franks-ferienhaus.de\/index.php?rest_route=\/wp\/v2\/pages"}],"about":[{"href":"https:\/\/franks-ferienhaus.de\/index.php?rest_route=\/wp\/v2\/types\/page"}],"author":[{"embeddable":true,"href":"https:\/\/franks-ferienhaus.de\/index.php?rest_route=\/wp\/v2\/users\/1"}],"replies":[{"embeddable":true,"href":"https:\/\/franks-ferienhaus.de\/index.php?rest_route=%2Fwp%2Fv2%2Fcomments&post=2816"}],"version-history":[{"count":43,"href":"https:\/\/franks-ferienhaus.de\/index.php?rest_route=\/wp\/v2\/pages\/2816\/revisions"}],"predecessor-version":[{"id":3501,"href":"https:\/\/franks-ferienhaus.de\/index.php?rest_route=\/wp\/v2\/pages\/2816\/revisions\/3501"}],"wp:attachment":[{"href":"https:\/\/franks-ferienhaus.de\/index.php?rest_route=%2Fwp%2Fv2%2Fmedia&parent=2816"}],"curies":[{"name":"wp","href":"https:\/\/api.w.org\/{rel}","templated":true}]}}