{"id":2805,"date":"2025-08-22T12:13:02","date_gmt":"2025-08-22T12:13:02","guid":{"rendered":"https:\/\/franks-ferienhaus.de\/?page_id=2805"},"modified":"2026-02-04T21:18:48","modified_gmt":"2026-02-04T21:18:48","slug":"ausstattung","status":"publish","type":"page","link":"https:\/\/franks-ferienhaus.de\/?page_id=2805","title":{"rendered":"Ausstattung"},"content":{"rendered":"\t\t<div data-elementor-type=\"wp-page\" data-elementor-id=\"2805\" class=\"elementor elementor-2805\">\n\t\t\t\t<div class=\"elementor-element elementor-element-66acf02 e-flex e-con-boxed e-con e-parent\" data-id=\"66acf02\" data-element_type=\"container\">\n\t\t\t\t\t<div class=\"e-con-inner\">\n\t\t\t\t<div class=\"elementor-element elementor-element-9d989b6 elementor-widget-divider--view-line elementor-widget elementor-widget-divider\" data-id=\"9d989b6\" data-element_type=\"widget\" data-widget_type=\"divider.default\">\n\t\t\t\t<div class=\"elementor-widget-container\">\n\t\t\t\t\t\t\t<div class=\"elementor-divider\">\n\t\t\t<span class=\"elementor-divider-separator\">\n\t\t\t\t\t\t<\/span>\n\t\t<\/div>\n\t\t\t\t\t\t<\/div>\n\t\t\t\t<\/div>\n\t\t\t\t\t<\/div>\n\t\t\t\t<\/div>\n\t\t<div class=\"elementor-element elementor-element-cb061e7 e-flex e-con-boxed e-con e-parent\" data-id=\"cb061e7\" data-element_type=\"container\">\n\t\t\t\t\t<div class=\"e-con-inner\">\n\t\t\t\t<div class=\"elementor-element elementor-element-6fa715d elementor-widget elementor-widget-heading\" data-id=\"6fa715d\" data-element_type=\"widget\" data-widget_type=\"heading.default\">\n\t\t\t\t<div class=\"elementor-widget-container\">\n\t\t\t\t\t<h2 class=\"elementor-heading-title elementor-size-default\">Ferienhaus am Moorsee in Twist<\/h2>\t\t\t\t<\/div>\n\t\t\t\t<\/div>\n\t\t\t\t\t<\/div>\n\t\t\t\t<\/div>\n\t\t<div class=\"elementor-element elementor-element-d399790 e-flex e-con-boxed e-con e-parent\" data-id=\"d399790\" data-element_type=\"container\">\n\t\t\t\t\t<div class=\"e-con-inner\">\n\t\t\t\t<div class=\"elementor-element elementor-element-9e982a3 elementor-widget elementor-widget-text-editor\" data-id=\"9e982a3\" data-element_type=\"widget\" data-widget_type=\"text-editor.default\">\n\t\t\t\t<div class=\"elementor-widget-container\">\n\t\t\t\t\t\t\t\t\t<p>Genie\u00dfen Sie erholsame Tage in unserem gro\u00dfz\u00fcgigen Ferienhaus auf ca. 200 qm direkt am See, ideal f\u00fcr bis zu 10 Personen. Ein eigener Steg l\u00e4dt zum Baden, Angeln oder Entspannen ein. Die separate Freizeit-Etage bietet Unterhaltung f\u00fcr Gro\u00df und Klein: mit Billard, Tisch-Kicker, Brett- und Kinderspielen, B\u00fcchern und TV. Des Weiteren sind im 1. OG eine Eckcouch mit Schlaffunktion sowie ein gro\u00dfz\u00fcgiger Balkon mit direktem Blick auf den See vorhanden.<\/p>\t\t\t\t\t\t\t\t<\/div>\n\t\t\t\t<\/div>\n\t\t\t\t\t<\/div>\n\t\t\t\t<\/div>\n\t\t<div class=\"elementor-element elementor-element-007cfc5 e-flex e-con-boxed e-con e-parent\" data-id=\"007cfc5\" data-element_type=\"container\">\n\t\t\t\t\t<div class=\"e-con-inner\">\n\t\t\t\t<div class=\"elementor-element elementor-element-57eada8 elementor-widget elementor-widget-heading\" data-id=\"57eada8\" data-element_type=\"widget\" data-widget_type=\"heading.default\">\n\t\t\t\t<div class=\"elementor-widget-container\">\n\t\t\t\t\t<h3 class=\"elementor-heading-title elementor-size-default\">Ausstattung<\/h3>\t\t\t\t<\/div>\n\t\t\t\t<\/div>\n\t\t\t\t\t<\/div>\n\t\t\t\t<\/div>\n\t\t<div class=\"elementor-element elementor-element-e982c57 e-flex e-con-boxed e-con e-parent\" data-id=\"e982c57\" data-element_type=\"container\">\n\t\t\t\t\t<div class=\"e-con-inner\">\n\t\t\t\t<div class=\"elementor-element elementor-element-66bb4bb elementor-widget elementor-widget-text-editor\" data-id=\"66bb4bb\" data-element_type=\"widget\" data-widget_type=\"text-editor.default\">\n\t\t\t\t<div class=\"elementor-widget-container\">\n\t\t\t\t\t\t\t\t\t<p>Alle Zimmer sind vollklimatisiert.<\/p><p><b>Wohnbereich:<\/b>&nbsp;Gem\u00fctliches Wohnzimmer mit offener K\u00fcche, gro\u00dfen Fenstern mit Seeblick, komfortabler Couchgarnitur und einem Smart-TV f\u00fcr entspannte Abende.<\/p><p><b>K\u00fcche:<\/b> Voll ausgestattete moderne K\u00fcche mit Geschirrsp\u00fcler, Backofen, Induktionskochfeld mit integriertem Dunstabzug, Mikrowelle, Filter- und Nespresso Kaffeemaschine sowie&nbsp; gro\u00dfem Esstisch \u2013 ideal f\u00fcr gemeinsame Mahlzeiten.<br><\/p>\n<ul>\n<\/ul>\n<p><b>Schlafzimmer:<\/b> 4 gem\u00fctliche Schlafzimmer jeweils mit Boxspringbett (160&#215;200 cm inkl. Bettkasten), Spiegel und Kleiderschrank. Helle Einrichtung, hochwertige Matratzen. Bettw\u00e4sche sind im Preis inklusive und werden vor dem Aufenthalt frisch bezogen!<br><\/p>\n<ul>\n<\/ul>\n<p><b>Badezimmer:&nbsp;<\/b>2 moderne Badezimmer jeweils mit Dusche, WC und Fu\u00dfbodenheizung. Handt\u00fccher sind im Preis inklusive.<\/p><p><b>Au\u00dfenbereich:<\/b> Gro\u00dfe Terrasse und Garten mit Gartenm\u00f6beln, Grill, eigenem Steg mit Liegen und Sitzm\u00f6glichkeiten.<br><\/p>\n<ul>\n<\/ul>\t\t\t\t\t\t\t\t<\/div>\n\t\t\t\t<\/div>\n\t\t\t\t\t<\/div>\n\t\t\t\t<\/div>\n\t\t<div class=\"elementor-element elementor-element-41ef7f6 e-flex e-con-boxed e-con e-parent\" data-id=\"41ef7f6\" data-element_type=\"container\">\n\t\t\t\t\t<div class=\"e-con-inner\">\n\t\t\t\t<div class=\"elementor-element elementor-element-4d159b3 elementor-widget elementor-widget-heading\" data-id=\"4d159b3\" data-element_type=\"widget\" data-widget_type=\"heading.default\">\n\t\t\t\t<div class=\"elementor-widget-container\">\n\t\t\t\t\t<h3 class=\"elementor-heading-title elementor-size-default\">K\u00fcchenausstattung<\/h3>\t\t\t\t<\/div>\n\t\t\t\t<\/div>\n\t\t\t\t\t<\/div>\n\t\t\t\t<\/div>\n\t\t<div class=\"elementor-element elementor-element-c708b07 e-flex e-con-boxed e-con e-parent\" data-id=\"c708b07\" data-element_type=\"container\">\n\t\t\t\t\t<div class=\"e-con-inner\">\n\t\t\t\t<div class=\"elementor-element elementor-element-e851789 elementor-widget elementor-widget-text-editor\" data-id=\"e851789\" data-element_type=\"widget\" data-widget_type=\"text-editor.default\">\n\t\t\t\t<div class=\"elementor-widget-container\">\n\t\t\t\t\t\t\t\t\t<p>Unsere moderne und voll ausgestattete K\u00fcche bietet Ihnen alles, was Sie f\u00fcr die Zubereitung leckerer Mahlzeiten ben\u00f6tigen<b>:<\/b><b><br \/><\/b><\/p><p><b>Elektroger\u00e4te<\/b><\/p><p>Induktionskochfeld &amp; Backofen mit Airfry-Funktion<br \/>K\u00fchlschrank mit Gefrierfach<br \/>Geschirrsp\u00fcler<br \/>Mikrowelle<br \/>Nespresso De&#8217;Longhi Kapselmaschine &amp; Filterkaffeemaschine\u00a0\u00a0<br \/>Wasserkocher<br \/>Toaster<br \/>\u00a0<\/p><p><b style=\"font-family: 'Times New Roman', 'serif'; font-size: 12pt;\"><span style=\"font-family: Tahoma, sans-serif; font-size: 17px;\">Koch- &amp; Essgeschirr<\/span><\/b><\/p><p>T\u00f6pfe &amp; Pfannen<br \/>Geschirr, Gl\u00e4ser &amp; Besteck ausreichend f\u00fcr 10 Personen<br \/>Kindergeschirr und Besteck<br \/>Schneidebretter &amp; Messer<br \/>Sch\u00fcsseln &amp; Servierplatten<br \/>Grillutensilien f\u00fcr den Au\u00dfenbereich<\/p><div><p><br \/><span style=\"font-weight: bold;\">Sonstiges<\/span><br \/><br \/>Handseife<br \/>Sp\u00fclmittel &amp; Geschirrt\u00fccher<\/p><p>\u00a0<\/p><p><em>Genie\u00dfen Sie kulinarische Abende in unserer gem\u00fctlichen Wohnk\u00fcche oder auf der Terrasse mit Blick ins Gr\u00fcne!<\/em><\/p><\/div>\t\t\t\t\t\t\t\t<\/div>\n\t\t\t\t<\/div>\n\t\t\t\t\t<\/div>\n\t\t\t\t<\/div>\n\t\t<div class=\"elementor-element elementor-element-5c73471 e-flex e-con-boxed e-con e-parent\" data-id=\"5c73471\" data-element_type=\"container\">\n\t\t\t\t\t<div class=\"e-con-inner\">\n\t\t\t\t\t<\/div>\n\t\t\t\t<\/div>\n\t\t\t\t<\/div>\n\t\t","protected":false},"excerpt":{"rendered":"<p>Ferienhaus am Moorsee in Twist Genie\u00dfen Sie erholsame Tage in unserem gro\u00dfz\u00fcgigen Ferienhaus auf ca. 200 qm direkt am See, ideal f\u00fcr bis zu 10 Personen. Ein eigener Steg l\u00e4dt zum Baden, Angeln oder Entspannen ein. Die separate Freizeit-Etage bietet Unterhaltung f\u00fcr Gro\u00df und Klein: mit Billard, Tisch-Kicker, Brett- und Kinderspielen, B\u00fcchern und TV. Des [&hellip;]<\/p>\n","protected":false},"author":1,"featured_media":0,"parent":937,"menu_order":0,"comment_status":"closed","ping_status":"closed","template":"page-templates\/template-default.php","meta":{"footnotes":""},"class_list":["post-2805","page","type-page","status-publish","hentry"],"_links":{"self":[{"href":"https:\/\/franks-ferienhaus.de\/index.php?rest_route=\/wp\/v2\/pages\/2805","targetHints":{"allow":["GET"]}}],"collection":[{"href":"https:\/\/franks-ferienhaus.de\/index.php?rest_route=\/wp\/v2\/pages"}],"about":[{"href":"https:\/\/franks-ferienhaus.de\/index.php?rest_route=\/wp\/v2\/types\/page"}],"author":[{"embeddable":true,"href":"https:\/\/franks-ferienhaus.de\/index.php?rest_route=\/wp\/v2\/users\/1"}],"replies":[{"embeddable":true,"href":"https:\/\/franks-ferienhaus.de\/index.php?rest_route=%2Fwp%2Fv2%2Fcomments&post=2805"}],"version-history":[{"count":46,"href":"https:\/\/franks-ferienhaus.de\/index.php?rest_route=\/wp\/v2\/pages\/2805\/revisions"}],"predecessor-version":[{"id":3483,"href":"https:\/\/franks-ferienhaus.de\/index.php?rest_route=\/wp\/v2\/pages\/2805\/revisions\/3483"}],"up":[{"embeddable":true,"href":"https:\/\/franks-ferienhaus.de\/index.php?rest_route=\/wp\/v2\/pages\/937"}],"wp:attachment":[{"href":"https:\/\/franks-ferienhaus.de\/index.php?rest_route=%2Fwp%2Fv2%2Fmedia&parent=2805"}],"curies":[{"name":"wp","href":"https:\/\/api.w.org\/{rel}","templated":true}]}}