{"id":2713,"date":"2022-07-29T02:53:32","date_gmt":"2022-07-29T02:53:32","guid":{"rendered":"https:\/\/wp.ditsolution.net\/luxury\/?page_id=7"},"modified":"2026-02-04T17:16:52","modified_gmt":"2026-02-04T17:16:52","slug":"home","status":"publish","type":"page","link":"https:\/\/franks-ferienhaus.de\/","title":{"rendered":"Home"},"content":{"rendered":"\t\t<div data-elementor-type=\"wp-page\" data-elementor-id=\"2713\" class=\"elementor elementor-2713\">\n\t\t\t\t\t\t<section class=\"elementor-section elementor-top-section elementor-element elementor-element-32351d8 elementor-section-full_width elementor-section-height-default elementor-section-height-default\" data-id=\"32351d8\" data-element_type=\"section\">\n\t\t\t\t\t\t<div class=\"elementor-container elementor-column-gap-no\">\n\t\t\t\t\t<div class=\"elementor-column elementor-col-100 elementor-top-column elementor-element elementor-element-cebfbf7\" data-id=\"cebfbf7\" data-element_type=\"column\">\n\t\t\t<div class=\"elementor-widget-wrap elementor-element-populated\">\n\t\t\t\t\t\t<div class=\"elementor-element elementor-element-6227dfd elementor-widget elementor-widget-image\" data-id=\"6227dfd\" data-element_type=\"widget\" data-widget_type=\"image.default\">\n\t\t\t\t<div class=\"elementor-widget-container\">\n\t\t\t\t\t\t\t\t\t\t\t\t\t\t\t<img fetchpriority=\"high\" decoding=\"async\" width=\"2560\" height=\"1414\" src=\"https:\/\/franks-ferienhaus.de\/wp-content\/uploads\/2026\/02\/Aussenansicht-Strassenseite_is-Photoroom.jpg\" class=\"attachment-full size-full wp-image-3168\" alt=\"Au\u00dfenansicht Stra\u00dfenseite\" srcset=\"https:\/\/franks-ferienhaus.de\/wp-content\/uploads\/2026\/02\/Aussenansicht-Strassenseite_is-Photoroom.jpg 2560w, https:\/\/franks-ferienhaus.de\/wp-content\/uploads\/2026\/02\/Aussenansicht-Strassenseite_is-Photoroom-300x166.jpg 300w, https:\/\/franks-ferienhaus.de\/wp-content\/uploads\/2026\/02\/Aussenansicht-Strassenseite_is-Photoroom-1024x566.jpg 1024w, https:\/\/franks-ferienhaus.de\/wp-content\/uploads\/2026\/02\/Aussenansicht-Strassenseite_is-Photoroom-768x424.jpg 768w, https:\/\/franks-ferienhaus.de\/wp-content\/uploads\/2026\/02\/Aussenansicht-Strassenseite_is-Photoroom-1536x848.jpg 1536w, https:\/\/franks-ferienhaus.de\/wp-content\/uploads\/2026\/02\/Aussenansicht-Strassenseite_is-Photoroom-2048x1131.jpg 2048w\" sizes=\"(max-width: 2560px) 100vw, 2560px\" \/>\t\t\t\t\t\t\t\t\t\t\t\t\t\t\t<\/div>\n\t\t\t\t<\/div>\n\t\t\t\t\t<\/div>\n\t\t<\/div>\n\t\t\t\t\t<\/div>\n\t\t<\/section>\n\t\t<div class=\"elementor-element elementor-element-8e31090 e-flex e-con-boxed e-con e-parent\" data-id=\"8e31090\" data-element_type=\"container\" data-settings=\"{&quot;background_background&quot;:&quot;gradient&quot;}\">\n\t\t\t\t\t<div class=\"e-con-inner\">\n\t\t\t\t<div class=\"elementor-element elementor-element-5bfc2eb elementor-widget elementor-widget-heading\" data-id=\"5bfc2eb\" data-element_type=\"widget\" data-widget_type=\"heading.default\">\n\t\t\t\t<div class=\"elementor-widget-container\">\n\t\t\t\t\t<h1 class=\"elementor-heading-title elementor-size-default\">Jetzt buchen, zur\u00fccklehnen und Urlaub geniessen<\/h1>\t\t\t\t<\/div>\n\t\t\t\t<\/div>\n\t\t\t\t\t<\/div>\n\t\t\t\t<\/div>\n\t\t\t\t<section class=\"elementor-section elementor-top-section elementor-element elementor-element-bfe2aef elementor-section-boxed elementor-section-height-default elementor-section-height-default\" data-id=\"bfe2aef\" data-element_type=\"section\">\n\t\t\t\t\t\t<div class=\"elementor-container elementor-column-gap-custom\">\n\t\t\t\t\t<div class=\"elementor-column elementor-col-100 elementor-top-column elementor-element elementor-element-e1c07c3\" data-id=\"e1c07c3\" data-element_type=\"column\">\n\t\t\t<div class=\"elementor-widget-wrap elementor-element-populated\">\n\t\t\t\t\t\t<div class=\"elementor-element elementor-element-7b310b2 elementor-widget elementor-widget-html\" data-id=\"7b310b2\" data-element_type=\"widget\" data-widget_type=\"html.default\">\n\t\t\t\t<div class=\"elementor-widget-container\">\n\t\t\t\t\t\r\n<div id=\"apartmentIframeAll\">\r\n<script type=\"text\/javascript\" src=\"https:\/\/login.smoobu.com\/js\/Settings\/BookingToolIframe.js\"><\/script>\r\n<script>BookingToolIframe.initialize({\"url\": \"https:\/\/login.smoobu.com\/de\/booking-tool\/iframe\/1614171\", \"baseUrl\": \"https:\/\/login.smoobu.com\", \"target\": \"#apartmentIframeAll\"})<\/script>\r\n<\/div>\r\n\t\t\t\t<\/div>\n\t\t\t\t<\/div>\n\t\t\t\t\t<\/div>\n\t\t<\/div>\n\t\t\t\t\t<\/div>\n\t\t<\/section>\n\t\t\t\t<section class=\"elementor-section elementor-top-section elementor-element elementor-element-88d39e8 elementor-section-content-middle elementor-section-items-top elementor-section-height-full elementor-section-boxed elementor-section-height-default\" data-id=\"88d39e8\" data-element_type=\"section\">\n\t\t\t\t\t\t<div class=\"elementor-container elementor-column-gap-no\">\n\t\t\t\t\t<div class=\"elementor-column elementor-col-50 elementor-top-column elementor-element elementor-element-ab30c16\" data-id=\"ab30c16\" data-element_type=\"column\">\n\t\t\t<div class=\"elementor-widget-wrap elementor-element-populated\">\n\t\t\t\t\t\t<div class=\"elementor-element elementor-element-7f9067b elementor-widget elementor-widget-image\" data-id=\"7f9067b\" data-element_type=\"widget\" data-widget_type=\"image.default\">\n\t\t\t\t<div class=\"elementor-widget-container\">\n\t\t\t\t\t\t\t\t\t\t\t\t\t\t\t<img decoding=\"async\" width=\"570\" height=\"350\" src=\"https:\/\/franks-ferienhaus.de\/wp-content\/uploads\/2026\/02\/Winterlandschaft-mit-gefrorenem-Teich_2-570x350.png\" class=\"attachment-luxury-blog-both size-luxury-blog-both wp-image-3133\" alt=\"\" \/>\t\t\t\t\t\t\t\t\t\t\t\t\t\t\t<\/div>\n\t\t\t\t<\/div>\n\t\t\t\t\t<\/div>\n\t\t<\/div>\n\t\t\t\t<div class=\"elementor-column elementor-col-50 elementor-top-column elementor-element elementor-element-e50d258\" data-id=\"e50d258\" data-element_type=\"column\">\n\t\t\t<div class=\"elementor-widget-wrap elementor-element-populated\">\n\t\t\t\t\t\t<div class=\"elementor-element elementor-element-26fd874 elementor-widget__width-initial elementor-widget elementor-widget-sectiontitle\" data-id=\"26fd874\" data-element_type=\"widget\" data-widget_type=\"sectiontitle.default\">\n\t\t\t\t<div class=\"elementor-widget-container\">\n\t\t\t\t\t\r\n\t\t\t\t<div class=\"\">\r\n\r\n\t\t\t<div class=\"section-title t_left\">\r\n                 \r\n                        <h5>LUXUS & ERHOLUNG PUR! <span><\/span><\/h5>\r\n                \r\n\t\t\t\t \r\n                        <h1 class=\"watermark\">        <\/h1>\r\n                \t\t\t\t\r\n\t\t\t\t  \r\n                       <h3>Erleben Sie unvergessliche Tage direkt am Wasser!<\/h3>\r\n                \t\t\t\t\r\n\t\t\t\t \t\t\t\t\r\n                 \r\n                        <p>Willkommen in unserem gem\u00fctlichen Franks Ferienhaus am See direkt am idyllischen Moorsee in Twist \u2013 dem idealen Ort f\u00fcr Erholung und gemeinsame Zeit mit Familie oder Freunden.\nHier erwartet Sie eine Kombination aus Ruhe, Natur und jeder Menge Freizeitspa\u00df.\n\nDas Ferienhaus liegt in der ruhigen Lage. Die umliegende Natur bietet ideale Bedingungen f\u00fcr Outdoor-Aktivit\u00e4ten wie Wandern, Radfahren, Pferdereiten, Angeln oder Bootsfahrt. \n\nOb Aktivurlaub oder Entspannung \u2013 unser Ferienhaus bietet Ihnen alles f\u00fcr eine perfekte Auszeit!\n<\/p>\r\n                \t\t\t\t\r\n\r\n\t\t\t\t\r\n\t\t\t<\/div>\t\r\n\r\n\t\t<\/div>\r\n\r\n\t\t\r\n\t\t\t\t\t\t<\/div>\n\t\t\t\t<\/div>\n\t\t\t\t\t<\/div>\n\t\t<\/div>\n\t\t\t\t\t<\/div>\n\t\t<\/section>\n\t\t<div class=\"elementor-element elementor-element-67b4ec8 e-flex e-con-boxed e-con e-parent\" data-id=\"67b4ec8\" data-element_type=\"container\">\n\t\t\t\t\t<div class=\"e-con-inner\">\n\t\t\t\t<div class=\"elementor-element elementor-element-36b6877 elementor-widget elementor-widget-heading\" data-id=\"36b6877\" data-element_type=\"widget\" data-widget_type=\"heading.default\">\n\t\t\t\t<div class=\"elementor-widget-container\">\n\t\t\t\t\t<h1 class=\"elementor-heading-title elementor-size-default\">Ihr Ferienhaus im \u00dcberblick<\/h1>\t\t\t\t<\/div>\n\t\t\t\t<\/div>\n\t\t\t\t\t<\/div>\n\t\t\t\t<\/div>\n\t\t<div class=\"elementor-element elementor-element-52502dd e-flex e-con-boxed e-con e-parent\" data-id=\"52502dd\" data-element_type=\"container\">\n\t\t\t\t\t<div class=\"e-con-inner\">\n\t\t\t\t<div class=\"elementor-element elementor-element-5317ee0 elementor-widget elementor-widget-text-editor\" data-id=\"5317ee0\" data-element_type=\"widget\" data-widget_type=\"text-editor.default\">\n\t\t\t\t<div class=\"elementor-widget-container\">\n\t\t\t\t\t\t\t\t\t<ul><li>194 m\u00b2 Wohnfl\u00e4che<span style=\"color: #54595f; font-family: Tahoma, sans-serif; font-size: 17px;\"> auf zwei Etagen<\/span><\/li><li>Bis zu 10 Schlafpl\u00e4tze in gem\u00fctlich eingerichteten Zimmern<\/li><li>Gro\u00dfer Wohn- und Essbereich mit direktem Seeblick<\/li><li>Voll ausgestattete K\u00fcche mit allem, was Sie brauchen<\/li><li>Zwei Badezimmer \u2013 ideal auch f\u00fcr gr\u00f6\u00dfere Gruppen<\/li><li>Spiel-Etage\u00a0mit Kicker, Billiard, Tischtennis, Smart TV, Brettspielen und B\u00fccher<\/li><li>Terrasse und gro\u00dfer Garten mit Grillm\u00f6glichkeit<\/li><li>Privater Steg mit direktem Zugang zum See zum Angeln, Schwimmen oder Tretboot fahren<\/li><li>4 kostenfreie Parkpl\u00e4tze direkt am Haus<\/li><li>WLAN inklusive<\/li><\/ul><p>Ob Familienurlaub, gemeinsames Wochenende mit Freunden oder einfach eine Auszeit vom Alltag \u2013 im Ferienhaus am Moorsee finden Sie alles, was Sie f\u00fcr erholsame Tage brauchen.<\/p><p><img decoding=\"async\" class=\"emoji\" style=\"background-color: #ffffff;\" role=\"img\" draggable=\"false\" src=\"https:\/\/s.w.org\/images\/core\/emoji\/16.0.1\/svg\/1f449.svg\" alt=\"\ud83d\udc49\" \/> <a href=\"https:\/\/franks-ferienhaus.de\/?page_id=1197\">Jetzt Ihren Wunschtermin buchen<\/a> und unvergessliche Tage in Twist-Neuringe erleben!<\/p>\t\t\t\t\t\t\t\t<\/div>\n\t\t\t\t<\/div>\n\t\t\t\t\t<\/div>\n\t\t\t\t<\/div>\n\t\t\t\t<\/div>\n\t\t","protected":false},"excerpt":{"rendered":"<p>Jetzt buchen, zur\u00fccklehnen und Urlaub geniessen LUXUS &#038; ERHOLUNG PUR! Erleben Sie unvergessliche Tage direkt am Wasser! Willkommen in unserem gem\u00fctlichen Franks Ferienhaus am See direkt am idyllischen Moorsee in Twist \u2013 dem idealen Ort f\u00fcr Erholung und gemeinsame Zeit mit Familie oder Freunden. Hier erwartet Sie eine Kombination aus Ruhe, Natur und jeder Menge [&hellip;]<\/p>\n","protected":false},"author":1,"featured_media":3041,"parent":0,"menu_order":0,"comment_status":"closed","ping_status":"closed","template":"page-templates\/template-default.php","meta":{"footnotes":""},"class_list":["post-2713","page","type-page","status-publish","has-post-thumbnail","hentry"],"_links":{"self":[{"href":"https:\/\/franks-ferienhaus.de\/index.php?rest_route=\/wp\/v2\/pages\/2713","targetHints":{"allow":["GET"]}}],"collection":[{"href":"https:\/\/franks-ferienhaus.de\/index.php?rest_route=\/wp\/v2\/pages"}],"about":[{"href":"https:\/\/franks-ferienhaus.de\/index.php?rest_route=\/wp\/v2\/types\/page"}],"author":[{"embeddable":true,"href":"https:\/\/franks-ferienhaus.de\/index.php?rest_route=\/wp\/v2\/users\/1"}],"replies":[{"embeddable":true,"href":"https:\/\/franks-ferienhaus.de\/index.php?rest_route=%2Fwp%2Fv2%2Fcomments&post=2713"}],"version-history":[{"count":206,"href":"https:\/\/franks-ferienhaus.de\/index.php?rest_route=\/wp\/v2\/pages\/2713\/revisions"}],"predecessor-version":[{"id":3377,"href":"https:\/\/franks-ferienhaus.de\/index.php?rest_route=\/wp\/v2\/pages\/2713\/revisions\/3377"}],"wp:featuredmedia":[{"embeddable":true,"href":"https:\/\/franks-ferienhaus.de\/index.php?rest_route=\/wp\/v2\/media\/3041"}],"wp:attachment":[{"href":"https:\/\/franks-ferienhaus.de\/index.php?rest_route=%2Fwp%2Fv2%2Fmedia&parent=2713"}],"curies":[{"name":"wp","href":"https:\/\/api.w.org\/{rel}","templated":true}]}}